{"id":121,"date":"2021-09-03T12:58:16","date_gmt":"2021-09-03T12:58:16","guid":{"rendered":"https:\/\/shinto.ropus.de\/?post_type=product&#038;p=121"},"modified":"2024-07-19T10:30:58","modified_gmt":"2024-07-19T10:30:58","slug":"shinto-alt-japanisches-pflanzenoel-huile-du-japon-100-ml","status":"publish","type":"product","link":"https:\/\/shinto.ropus.de\/?product=shinto-alt-japanisches-pflanzenoel-huile-du-japon-100-ml","title":{"rendered":"Shinto Alt Japanisches Pflanzen\u00f6l \/ Huile du Japon   100 ml                                                                   ."},"content":{"rendered":"<div id=\"page\">\n<div id=\"content-wrapper\">\n<section id=\"content\" class=\"viewport clearfix\">\n<div id=\"content-inner\">\n<section id=\"content-body\" class=\"col span-right\">\n<div class=\"inner\">\n<div class=\"module-wrapper mod-tabs\">\n<div class=\"cnt-default default \">\n<div class=\"body\">\n<div id=\"tabs-1\" class=\"ui-tabs ui-widget ui-widget-content ui-corner-all bg-gradient\">\n<div id=\"fragment-tpl-1\" class=\"ui-tabs-panel ui-widget-content ui-corner-bottom\">\n<div><\/div>\n<div class=\"module-wrapper no-cnt mod-product-longdesc\">\n<div><strong>Traditionnelle Huile du Japon.<\/strong><\/div>\n<div>100% Huiles Essentielle<\/div>\n<div><\/div>\n<h6><strong>MintOil.Eur.PH menthea arvensis<\/strong><\/h6>\n<div><\/div>\n<div>Une\u00a0m\u00e9thode du Japon, bas\u00e9 sur d\u00b4anciennes recettes Traditionnelles, essay\u00e9 et test\u00e9 des millions de fois. Les Effets de ce\u00a0huile sur l\u00b4esprit soul comme des brises d\u00b4air frais de l\u00b4oc\u00e9an, il lib\u00e8re toute source d\u00b4inspiration \u2013 l\u00b4esprit se repose, les pens\u00e9es deviennent aussi claires que du Crystal et le corps se repose.<\/div>\n<div><\/div>\n<div>Shinto est une huile essentielle naturelle 100% distil\u00e9: de la menthe sauvage &#8222;japonaise&#8220;. Le type de menthe est une sous esp\u00e8ces de menthae arvensis , qui pousse tr\u00e8s lentement et exclusivement sur le sol volcanique \u2013 la plante atteint une hauteur maximum de 6 \u00e0 12 cm et \u00e1 un feuillage tr\u00e8s fin.<br \/>\nPendant des milliers d \u00b4ann\u00e9es, les collecteurs d\u00b4herbes l\u00b4ont r\u00e9colt\u00e9 dans les vall\u00e9es du \u00ab Tr\u00f4ne des dieux \u00ab<br \/>\nD\u00e9nomination du volcan par les anc\u00eatres. Pour obtenir 1 l de cette pr\u00e9cieuse huile, environ 90 a 120 kg d\u00b4herbes fraichement r\u00e9colt\u00e9es doivent \u00eatre distill\u00e9e.<br \/>\nShinto traditionnelle huile v\u00e9g\u00e9tale Japonaise a \u00e9t\u00e9 test\u00e9 des millions de fois par :<\/div>\n<div><\/div>\n<div><\/div>\n<ul>\n<li>Par des masseurs, entraineurs et physioth\u00e9rapeutes<\/li>\n<li>Dans des centres de remise en forme de sante et th\u00e9rapie<\/li>\n<li>Dans le sport de loisir et les sports de haut niveau<\/li>\n<li>Dans les bains d\u00b4herbes, l \u00b4hygi\u00e8ne personnel et les saunas,hammams<\/li>\n<li>Pour les pieds (mauvaises odeurs, fatigue)<\/li>\n<li>Pour les probl\u00e8mes de concentration, tension<\/li>\n<li>Pour cr\u00e9er de la fraicheur dans les pays chauds, le camping,<\/li>\n<li>\u00c9loigner les insectes pour tous types de voyages<\/li>\n<\/ul>\n<div><\/div>\n<div><strong>Caract\u00e9ristiques :<\/strong><\/div>\n<div><\/div>\n<div>Rafraichissant, calmant, d\u00e9sodorisant, , relaxant, stimulant physique et mental<\/div>\n<div><\/div>\n<div><strong>Attention <\/strong>:<\/div>\n<div><\/div>\n<div><strong>Ne convient pas aux b\u00e9b\u00e9s et jeunes enfants. ( a partier de 6 ans) Garder hors de port\u00e9 des enfants. Eviter le contact avec les yeux ou les muqueuses. Diluer avant d`absorber et suivre les instructions. Ne pas utiliser si crise d\u00b4\u00e9pilepsie.. avec Linalol, Limonen<\/strong>.<\/div>\n<div><\/div>\n<div><\/div>\n<div><strong>Recommandations pour applications et dosage.<\/strong><br \/>\nMettre 2-4 gouttes dans la paume des mains, garder les mains jointes face au visage et respirer lentement plusieurs fois puis, frotter le front et la nuque.<br \/>\nMettre 1 gouttes sur 1 sucre, le laisser fondre dans la bouche et respirer profond\u00e9ment. Dans un Verre d\u00b4eau chaude \/ froide, pour aider la respiration \u2013 (2-3 fois par jour.)<br \/>\n<strong>Utilisation:<br \/>\n<\/strong>Dissoudre 1 \u00e0 2 gouttes dans 125 ml d\u00b4eau. Ensuite, gargariser<br \/>\n2 fois par jour,<br \/>\n<strong>Inhalation :<br \/>\n<\/strong>Excellente m\u00e9thode pour les inhalation. 2-3 goutes suffisent. 1 goutte dans l\u00b4inhalateur. Verser 2 a 3 goutes dans\u00a0 l\u00b4eau bouillante. Inhaler la vapeur par le nez.<br \/>\nOu mettre une goutte dans les mains, frotter et respirer.<br \/>\n<strong>Sauna :<\/strong><br \/>\n5-6 gouttes pour 1 litres d`eau<br \/>\n<strong>Aromatherapie:<\/strong><br \/>\nQuelques gouttes dans un brule parfum ou dans un r\u00e9cipient sur<br \/>\nun radiateur \u00e9limine les mauvaises odeurs et purifie l`air. Vous<br \/>\npouvez vous asseoir, vous relaxer et, en m\u00eame temps,respirer le bon ar\u00f4me qui s\u00b4installera dans votre pi\u00e8ce.<br \/>\n<strong>Massage :<\/strong><br \/>\nSur une peau propre et s\u00e8che (pour plus d\u00b4efficacit\u00e9) m\u00e9langer 5-6 gouttes avec une autre huile de votre choix. (Jojoba- amande douce \u2026.). Masser chaque partie de votre corps. Quelques minutes apres, la peau absorbe l\u00b4huile qui a des effets relaxante et revitalisante. Vous sentirez une tr\u00e8s agr\u00e9able sensation de bien \u2013 \u00eatre, de calme et de d\u00e9contraction des muscles.<br \/>\n<strong>Piqures d\u00b4insectes :<\/strong><br \/>\nAppliquer quelques gouttes de Shinto-Huile sur les piqures. L\u00b4effet rafraichissant,<br \/>\n<strong>Soin des pieds :<\/strong><br \/>\nDes pieds fatigu\u00e9s, apr\u00e8s une longe journ\u00e9e de travail, un bain de pieds avec 2-3 gouttes<br \/>\n<strong>Sport et sante :<\/strong><br \/>\nMasser le cou, le front, bras et jambes avant et apr\u00e8s l\u00b4activit\u00e9 physique pour un effet relaxant et pour entretenir les muscles. Contre la fatigue musculaire, masser r\u00e9guli\u00e8rement le muscul. Agit \u00e9galement comme traitement rafraichissant \/ chauffant.<br \/>\n<strong>Compresse :<\/strong><br \/>\npour\u00a0les \u00a0articulaire. Remplire un bol d\u00b4eau chaude ou froide, masser quelques gouttes de Shinto &#8211; Huile et impr\u00e9gner le tissu.<br \/>\n<strong>Bains D\u00b4aromes:<\/strong><br \/>\nMaximum 5-6 goutes dans du lait ou du sel, dans un bain a 36 \u2013 38\u00b0C. Les effets du bain d \u00b4aromes peut \u00eatre calmant ou stimulant. Les nerfs de la peau soule directement connectent au cort\u00e8s qui est \u00e0 son tour responsable de cette sensation de bien \u00eatre<\/div>\n<\/div>\n<\/div>\n<\/div>\n<\/div>\n<\/div>\n<\/div>\n<\/div>\n<\/section>\n<\/div>\n<\/section>\n<\/div>\n<\/div>\n","protected":false},"excerpt":{"rendered":"<p>Traditionnelle Huile du Japon. 100% Huiles Essentielle MintOil.Eur.PH menthea arvensis Une\u00a0m\u00e9thode du Japon, bas\u00e9 sur d\u00b4anciennes recettes Traditionnelles, essay\u00e9 et test\u00e9 des millions de fois. Les Effets de ce\u00a0huile sur l\u00b4esprit soul comme des brises d\u00b4air frais de l\u00b4oc\u00e9an, il lib\u00e8re toute source d\u00b4inspiration \u2013 l\u00b4esprit se repose, les pens\u00e9es deviennent aussi claires que du [&hellip;]<\/p>\n","protected":false},"featured_media":306,"comment_status":"open","ping_status":"closed","template":"","meta":[],"product_brand":[],"product_cat":[19],"product_tag":[],"class_list":{"0":"post-121","1":"product","2":"type-product","3":"status-publish","4":"has-post-thumbnail","6":"product_cat-alt-japanisches-pflanzenoel-huile-vegetal-du-japon","8":"first","9":"instock","10":"purchasable","11":"product-type-simple"},"_links":{"self":[{"href":"https:\/\/shinto.ropus.de\/index.php?rest_route=\/wp\/v2\/product\/121","targetHints":{"allow":["GET"]}}],"collection":[{"href":"https:\/\/shinto.ropus.de\/index.php?rest_route=\/wp\/v2\/product"}],"about":[{"href":"https:\/\/shinto.ropus.de\/index.php?rest_route=\/wp\/v2\/types\/product"}],"replies":[{"embeddable":true,"href":"https:\/\/shinto.ropus.de\/index.php?rest_route=%2Fwp%2Fv2%2Fcomments&post=121"}],"wp:featuredmedia":[{"embeddable":true,"href":"https:\/\/shinto.ropus.de\/index.php?rest_route=\/wp\/v2\/media\/306"}],"wp:attachment":[{"href":"https:\/\/shinto.ropus.de\/index.php?rest_route=%2Fwp%2Fv2%2Fmedia&parent=121"}],"wp:term":[{"taxonomy":"product_brand","embeddable":true,"href":"https:\/\/shinto.ropus.de\/index.php?rest_route=%2Fwp%2Fv2%2Fproduct_brand&post=121"},{"taxonomy":"product_cat","embeddable":true,"href":"https:\/\/shinto.ropus.de\/index.php?rest_route=%2Fwp%2Fv2%2Fproduct_cat&post=121"},{"taxonomy":"product_tag","embeddable":true,"href":"https:\/\/shinto.ropus.de\/index.php?rest_route=%2Fwp%2Fv2%2Fproduct_tag&post=121"}],"curies":[{"name":"wp","href":"https:\/\/api.w.org\/{rel}","templated":true}]}}